{"id":2790,"date":"2022-10-18T12:59:41","date_gmt":"2022-10-18T09:59:41","guid":{"rendered":"https:\/\/kauppa.legio.fi\/?page_id=2790"},"modified":"2022-10-18T13:44:49","modified_gmt":"2022-10-18T10:44:49","slug":"tilaus-ja-sopimusehdot","status":"publish","type":"page","link":"https:\/\/kauppa.legio.fi\/en\/tilaus-ja-sopimusehdot\/","title":{"rendered":"Tilaus- ja sopimusehdot"},"content":{"rendered":"<div data-elementor-type=\"wp-page\" data-elementor-id=\"2790\" class=\"elementor elementor-2790\">\n\t\t\t\t\t\t<section class=\"elementor-section elementor-top-section elementor-element elementor-element-5131a13e elementor-section-height-min-height elementor-section-full_width elementor-section-height-default elementor-section-items-middle\" data-id=\"5131a13e\" data-element_type=\"section\" data-e-type=\"section\" data-settings=\"{&quot;background_background&quot;:&quot;classic&quot;}\">\n\t\t\t\t\t\t\t<div class=\"elementor-background-overlay\"><\/div>\n\t\t\t\t\t\t\t<div class=\"elementor-container elementor-column-gap-default\">\n\t\t\t\t\t<div class=\"elementor-column elementor-col-100 elementor-top-column elementor-element elementor-element-1053ca7a\" data-id=\"1053ca7a\" data-element_type=\"column\" data-e-type=\"column\">\n\t\t\t<div class=\"elementor-widget-wrap elementor-element-populated\">\n\t\t\t\t\t\t<div class=\"elementor-element elementor-element-3d99e122 elementor-widget elementor-widget-heading\" data-id=\"3d99e122\" data-element_type=\"widget\" data-e-type=\"widget\" data-widget_type=\"heading.default\">\n\t\t\t\t<div class=\"elementor-widget-container\">\n\t\t\t\t\t<h1 class=\"elementor-heading-title elementor-size-default\">tilaus- ja sopimusehdot<\/h1>\t\t\t\t<\/div>\n\t\t\t\t<\/div>\n\t\t\t\t\t<\/div>\n\t\t<\/div>\n\t\t\t\t\t<\/div>\n\t\t<\/section>\n\t\t\t\t<section class=\"elementor-section elementor-top-section elementor-element elementor-element-d68231b elementor-section-boxed elementor-section-height-default elementor-section-height-default\" data-id=\"d68231b\" data-element_type=\"section\" data-e-type=\"section\">\n\t\t\t\t\t\t<div class=\"elementor-container elementor-column-gap-default\">\n\t\t\t\t\t<div class=\"elementor-column elementor-col-100 elementor-top-column elementor-element elementor-element-4c970e3\" data-id=\"4c970e3\" data-element_type=\"column\" data-e-type=\"column\">\n\t\t\t<div class=\"elementor-widget-wrap elementor-element-populated\">\n\t\t\t\t\t\t<div class=\"elementor-element elementor-element-973537b elementor-widget elementor-widget-text-editor\" data-id=\"973537b\" data-element_type=\"widget\" data-e-type=\"widget\" data-widget_type=\"text-editor.default\">\n\t\t\t\t<div class=\"elementor-widget-container\">\n\t\t\t\t\t\t\t\t\t<p>Legio Ostiensis ry 1776916-6 myy tuotteita yksityishenkil\u00f6ille Suomeen. J\u00e4lleenmyynti kielletty. Pid\u00e4t\u00e4mme oikeuden toimitusehtojen ja hintojen muutoksiin. Kaikki hinnat sis\u00e4lt\u00e4v\u00e4t ALV:n ja k\u00e4ytettyn\u00e4 valuuttana on euro.\u00a0<\/p><p>Email: <a href=\"mailto:hankinnat.legio@uef.fi\">hankinnat.legio@uef.fi<\/a> <a href=\"mailto:hallitus.legio@uef.fi\">hallitus.legio@uef.fi<\/a><br \/>Postiosoite: PL 111 Oikeustieteet\/ It\u00e4-Suomen yliopisto 80101 JOENSUU<\/p><h4>Tilaaminen<\/h4><p>Tilattavat tuotteet valitaan kotisivuilla lis\u00e4\u00e4m\u00e4ll\u00e4 ne ostoskoriin. Tilaus l\u00e4hetet\u00e4\u00e4n maksamalla ostoskorin sis\u00e4lt\u00f6 verkkokaupan kassatoiminnossa. Tehdess\u00e4si tilauksen hyv\u00e4ksyt n\u00e4m\u00e4 toimitusehdot, tuotteiden hinnat sek\u00e4 toimituskulut. Tilauksesta l\u00e4hetet\u00e4\u00e4n tilausvahvistus s\u00e4hk\u00f6postitse tilausvaiheessa ilmoitettuun s\u00e4hk\u00f6postiin. Tilausvahvistuksesta ilmenev\u00e4t tilatut tuotteet sek\u00e4 hinta.\u00a0<\/p><h4>Maksaminen<\/h4><p>Stripe on kansainv\u00e4linen laajasti k\u00e4ytetty luotettava toimija ja helppo maksutapa. Kaikissa verkkokaupan maksuissa maksunv\u00e4litt\u00e4j\u00e4n\u00e4 toimii Stripe. Maksu tapahtuu verkkokaupan sivuilla suoraan eik\u00e4 sinua ohjata toiseen palveluun. Kun maksat Stripen tarjoamilla luottokorttimaksuilla, hyv\u00e4ksyt Stripen <a href=\"https:\/\/stripe.com\/fi\/legal\">ehdot<\/a>.\u00a0<\/p><h4>Maksutavat<\/h4><p>Stripe tarjoaa seuraavia maksutapoja<\/p><ul><li>VISA<\/li><li>Mastercard<\/li><li>Applepay<\/li><li>Googlepay<\/li><\/ul><h4>Toimitustavat<\/h4><p>Tuotteiden toimitus tapahtuu tilausvahvistuksessa ilmoitetulla tavalla. Mik\u00e4li toimitus my\u00f6h\u00e4styy, tiedotamme siit\u00e4 mahdollisuuksien mukaan. Toimituskulut sis\u00e4lt\u00e4v\u00e4t kuljetus- ja pakkauskulut. Toimitustapa riippuu ostoskorin sis\u00e4ll\u00f6st\u00e4 ja yhteispainosta. Toimitamme tuotteet k\u00e4ytt\u00e4m\u00e4ll\u00e4 Postin palveluita. Nouto tapahtuu Legion toimistolta\u00a0 toimistop\u00e4ivystyksien puitteissa. Jos noutaja on eri henkil\u00f6 kuin tuotteet tilannut henkil\u00f6, tulee asiasta ilmoittaa s\u00e4hk\u00f6postitse <a href=\"mailto:hankinnat.legio@uef.fi\">hankinnat.legio@uef.fi<\/a> and <a href=\"mailto:hallitus.legio@uef.fi\">hallitus.legio@uef.fi<\/a> ennen noutop\u00e4iv\u00e4\u00e4.<\/p><h4>Tuotetiedot<\/h4><p>Tuotetiedot on pyritty tekem\u00e4\u00e4n mahdollisimman kattaviksi ja tarkoiksi. Jos tarvitset lis\u00e4\u00e4 tietoa tuotteista, ota yhteytt\u00e4 <strong><a href=\"mailto:hankinnat.legio@uef.fi\">hankinnat.legio@uef.fi<\/a><\/strong>. Tuotekuvat ovat suuntaa antavia, esim v\u00e4ris\u00e4vyt voivat hieman poiketa todellisesta tuotteesta.<\/p>\t\t\t\t\t\t\t\t<\/div>\n\t\t\t\t<\/div>\n\t\t\t\t\t<\/div>\n\t\t<\/div>\n\t\t\t\t\t<\/div>\n\t\t<\/section>\n\t\t\t\t<\/div>","protected":false},"excerpt":{"rendered":"<p>tilaus- ja sopimusehdot Legio Ostiensis ry 1776916-6 myy tuotteita yksityishenkil\u00f6ille Suomeen. J\u00e4lleenmyynti kielletty. Pid\u00e4t\u00e4mme oikeuden toimitusehtojen ja hintojen muutoksiin. Kaikki hinnat sis\u00e4lt\u00e4v\u00e4t ALV:n ja k\u00e4ytettyn\u00e4 valuuttana on euro.\u00a0 S\u00e4hk\u00f6posti: hankinnat.legio@uef.fi hallitus.legio@uef.fiPostiosoite: PL 111 Oikeustieteet\/ It\u00e4-Suomen yliopisto 80101 JOENSUU Tilaaminen Tilattavat tuotteet valitaan kotisivuilla lis\u00e4\u00e4m\u00e4ll\u00e4 ne ostoskoriin. Tilaus l\u00e4hetet\u00e4\u00e4n maksamalla ostoskorin sis\u00e4lt\u00f6 verkkokaupan kassatoiminnossa. Tehdess\u00e4si tilauksen [&hellip;]<\/p>\n","protected":false},"author":4,"featured_media":0,"parent":0,"menu_order":0,"comment_status":"closed","ping_status":"closed","template":"","meta":{"ocean_post_layout":"","ocean_both_sidebars_style":"","ocean_both_sidebars_content_width":0,"ocean_both_sidebars_sidebars_width":0,"ocean_sidebar":"","ocean_second_sidebar":"","ocean_disable_margins":"enable","ocean_add_body_class":"","ocean_shortcode_before_top_bar":"","ocean_shortcode_after_top_bar":"","ocean_shortcode_before_header":"","ocean_shortcode_after_header":"","ocean_has_shortcode":"","ocean_shortcode_after_title":"","ocean_shortcode_before_footer_widgets":"","ocean_shortcode_after_footer_widgets":"","ocean_shortcode_before_footer_bottom":"","ocean_shortcode_after_footer_bottom":"","ocean_display_top_bar":"default","ocean_display_header":"default","ocean_header_style":"","ocean_center_header_left_menu":"","ocean_custom_header_template":"","ocean_custom_logo":0,"ocean_custom_retina_logo":0,"ocean_custom_logo_max_width":0,"ocean_custom_logo_tablet_max_width":0,"ocean_custom_logo_mobile_max_width":0,"ocean_custom_logo_max_height":0,"ocean_custom_logo_tablet_max_height":0,"ocean_custom_logo_mobile_max_height":0,"ocean_header_custom_menu":"","ocean_menu_typo_font_family":"","ocean_menu_typo_font_subset":"","ocean_menu_typo_font_size":0,"ocean_menu_typo_font_size_tablet":0,"ocean_menu_typo_font_size_mobile":0,"ocean_menu_typo_font_size_unit":"px","ocean_menu_typo_font_weight":"","ocean_menu_typo_font_weight_tablet":"","ocean_menu_typo_font_weight_mobile":"","ocean_menu_typo_transform":"","ocean_menu_typo_transform_tablet":"","ocean_menu_typo_transform_mobile":"","ocean_menu_typo_line_height":0,"ocean_menu_typo_line_height_tablet":0,"ocean_menu_typo_line_height_mobile":0,"ocean_menu_typo_line_height_unit":"","ocean_menu_typo_spacing":0,"ocean_menu_typo_spacing_tablet":0,"ocean_menu_typo_spacing_mobile":0,"ocean_menu_typo_spacing_unit":"","ocean_menu_link_color":"","ocean_menu_link_color_hover":"","ocean_menu_link_color_active":"","ocean_menu_link_background":"","ocean_menu_link_hover_background":"","ocean_menu_link_active_background":"","ocean_menu_social_links_bg":"","ocean_menu_social_hover_links_bg":"","ocean_menu_social_links_color":"","ocean_menu_social_hover_links_color":"","ocean_disable_title":"default","ocean_disable_heading":"default","ocean_post_title":"","ocean_post_subheading":"","ocean_post_title_style":"","ocean_post_title_background_color":"","ocean_post_title_background":0,"ocean_post_title_bg_image_position":"","ocean_post_title_bg_image_attachment":"","ocean_post_title_bg_image_repeat":"","ocean_post_title_bg_image_size":"","ocean_post_title_height":0,"ocean_post_title_bg_overlay":0.5,"ocean_post_title_bg_overlay_color":"","ocean_disable_breadcrumbs":"default","ocean_breadcrumbs_color":"","ocean_breadcrumbs_separator_color":"","ocean_breadcrumbs_links_color":"","ocean_breadcrumbs_links_hover_color":"","ocean_display_footer_widgets":"default","ocean_display_footer_bottom":"default","ocean_custom_footer_template":"","footnotes":""},"class_list":["post-2790","page","type-page","status-publish","hentry","entry","owp-thumbs-layout-horizontal","owp-btn-normal","owp-tabs-layout-horizontal","has-no-thumbnails"],"yoast_head":"<!-- This site is optimized with the Yoast SEO plugin v23.5 - https:\/\/yoast.com\/wordpress\/plugins\/seo\/ -->\n<title>Tilaus- ja sopimusehdot - Legio Ostiensis ry<\/title>\n<meta name=\"description\" content=\"Tietosuojaseloste. Sivuston k\u00e4ytt\u00f6ehdot, j\u00e4senreksiteri ja maksurekisteri\" \/>\n<meta name=\"robots\" content=\"index, follow, max-snippet:-1, max-image-preview:large, max-video-preview:-1\" \/>\n<link rel=\"canonical\" href=\"https:\/\/kauppa.legio.fi\/en\/tilaus-ja-sopimusehdot\/\" \/>\n<meta property=\"og:locale\" content=\"en_GB\" \/>\n<meta property=\"og:type\" content=\"article\" \/>\n<meta property=\"og:title\" content=\"Tilaus- ja sopimusehdot - Legio Ostiensis ry\" \/>\n<meta property=\"og:description\" content=\"Tietosuojaseloste. Sivuston k\u00e4ytt\u00f6ehdot, j\u00e4senreksiteri ja maksurekisteri\" \/>\n<meta property=\"og:url\" content=\"https:\/\/kauppa.legio.fi\/en\/tilaus-ja-sopimusehdot\/\" \/>\n<meta property=\"og:site_name\" content=\"Legio Ostiensis ry\" \/>\n<meta property=\"article:publisher\" content=\"https:\/\/www.facebook.com\/legioostiensis\/\" \/>\n<meta property=\"article:modified_time\" content=\"2022-10-18T10:44:49+00:00\" \/>\n<meta name=\"twitter:card\" content=\"summary_large_image\" \/>\n<meta name=\"twitter:site\" content=\"@legiory\" \/>\n<meta name=\"twitter:label1\" content=\"Estimated reading time\" \/>\n\t<meta name=\"twitter:data1\" content=\"2 minutes\" \/>\n<script type=\"application\/ld+json\" class=\"yoast-schema-graph\">{\"@context\":\"https:\/\/schema.org\",\"@graph\":[{\"@type\":\"WebPage\",\"@id\":\"https:\/\/kauppa.legio.fi\/tilaus-ja-sopimusehdot\/\",\"url\":\"https:\/\/kauppa.legio.fi\/tilaus-ja-sopimusehdot\/\",\"name\":\"Tilaus- ja sopimusehdot - Legio Ostiensis ry\",\"isPartOf\":{\"@id\":\"https:\/\/kauppa.legio.fi\/#website\"},\"datePublished\":\"2022-10-18T09:59:41+00:00\",\"dateModified\":\"2022-10-18T10:44:49+00:00\",\"description\":\"Tietosuojaseloste. Sivuston k\u00e4ytt\u00f6ehdot, j\u00e4senreksiteri ja maksurekisteri\",\"breadcrumb\":{\"@id\":\"https:\/\/kauppa.legio.fi\/tilaus-ja-sopimusehdot\/#breadcrumb\"},\"inLanguage\":\"en-GB\",\"potentialAction\":[{\"@type\":\"ReadAction\",\"target\":[\"https:\/\/kauppa.legio.fi\/tilaus-ja-sopimusehdot\/\"]}]},{\"@type\":\"BreadcrumbList\",\"@id\":\"https:\/\/kauppa.legio.fi\/tilaus-ja-sopimusehdot\/#breadcrumb\",\"itemListElement\":[{\"@type\":\"ListItem\",\"position\":1,\"name\":\"Etusivu\",\"item\":\"https:\/\/kauppa.legio.fi\/\"},{\"@type\":\"ListItem\",\"position\":2,\"name\":\"Tilaus- ja sopimusehdot\"}]},{\"@type\":\"WebSite\",\"@id\":\"https:\/\/kauppa.legio.fi\/#website\",\"url\":\"https:\/\/kauppa.legio.fi\/\",\"name\":\"Legio Ostiensis ry\",\"description\":\"Ainej&auml;rjest&ouml; Legio Ostiensis ry:n kauppa\",\"publisher\":{\"@id\":\"https:\/\/kauppa.legio.fi\/#organization\"},\"potentialAction\":[{\"@type\":\"SearchAction\",\"target\":{\"@type\":\"EntryPoint\",\"urlTemplate\":\"https:\/\/kauppa.legio.fi\/?s={search_term_string}\"},\"query-input\":{\"@type\":\"PropertyValueSpecification\",\"valueRequired\":true,\"valueName\":\"search_term_string\"}}],\"inLanguage\":\"en-GB\"},{\"@type\":\"Organization\",\"@id\":\"https:\/\/kauppa.legio.fi\/#organization\",\"name\":\"Legio Ostiensis ry\",\"url\":\"https:\/\/kauppa.legio.fi\/\",\"logo\":{\"@type\":\"ImageObject\",\"inLanguage\":\"en-GB\",\"@id\":\"https:\/\/kauppa.legio.fi\/#\/schema\/logo\/image\/\",\"url\":\"https:\/\/kauppa.legio.fi\/wp-content\/uploads\/2022\/06\/Punainen-Ei-taustaa-v2-Vekrori-1.svg\",\"contentUrl\":\"https:\/\/kauppa.legio.fi\/wp-content\/uploads\/2022\/06\/Punainen-Ei-taustaa-v2-Vekrori-1.svg\",\"width\":2855,\"height\":1988,\"caption\":\"Legio Ostiensis ry\"},\"image\":{\"@id\":\"https:\/\/kauppa.legio.fi\/#\/schema\/logo\/image\/\"},\"sameAs\":[\"https:\/\/www.facebook.com\/legioostiensis\/\",\"https:\/\/x.com\/legiory\",\"https:\/\/www.instagram.com\/legiory\",\"https:\/\/www.instagram.com\/legiorysport\/\",\"https:\/\/fi.linkedin.com\/company\/legioostiensis\",\"https:\/\/open.spotify.com\/show\/5TDVshWa67PMfAp0hY0F9A\",\"https:\/\/www.tiktok.com\/tag\/legiory\"]}]}<\/script>\n<!-- \/ Yoast SEO plugin. -->","yoast_head_json":{"title":"Tilaus- ja sopimusehdot - Legio Ostiensis ry","description":"Tietosuojaseloste. Sivuston k\u00e4ytt\u00f6ehdot, j\u00e4senreksiteri ja maksurekisteri","robots":{"index":"index","follow":"follow","max-snippet":"max-snippet:-1","max-image-preview":"max-image-preview:large","max-video-preview":"max-video-preview:-1"},"canonical":"https:\/\/kauppa.legio.fi\/en\/tilaus-ja-sopimusehdot\/","og_locale":"en_GB","og_type":"article","og_title":"Tilaus- ja sopimusehdot - Legio Ostiensis ry","og_description":"Tietosuojaseloste. Sivuston k\u00e4ytt\u00f6ehdot, j\u00e4senreksiteri ja maksurekisteri","og_url":"https:\/\/kauppa.legio.fi\/en\/tilaus-ja-sopimusehdot\/","og_site_name":"Legio Ostiensis ry","article_publisher":"https:\/\/www.facebook.com\/legioostiensis\/","article_modified_time":"2022-10-18T10:44:49+00:00","twitter_card":"summary_large_image","twitter_site":"@legiory","twitter_misc":{"Estimated reading time":"2 minutes"},"schema":{"@context":"https:\/\/schema.org","@graph":[{"@type":"WebPage","@id":"https:\/\/kauppa.legio.fi\/tilaus-ja-sopimusehdot\/","url":"https:\/\/kauppa.legio.fi\/tilaus-ja-sopimusehdot\/","name":"Tilaus- ja sopimusehdot - Legio Ostiensis ry","isPartOf":{"@id":"https:\/\/kauppa.legio.fi\/#website"},"datePublished":"2022-10-18T09:59:41+00:00","dateModified":"2022-10-18T10:44:49+00:00","description":"Tietosuojaseloste. Sivuston k\u00e4ytt\u00f6ehdot, j\u00e4senreksiteri ja maksurekisteri","breadcrumb":{"@id":"https:\/\/kauppa.legio.fi\/tilaus-ja-sopimusehdot\/#breadcrumb"},"inLanguage":"en-GB","potentialAction":[{"@type":"ReadAction","target":["https:\/\/kauppa.legio.fi\/tilaus-ja-sopimusehdot\/"]}]},{"@type":"BreadcrumbList","@id":"https:\/\/kauppa.legio.fi\/tilaus-ja-sopimusehdot\/#breadcrumb","itemListElement":[{"@type":"ListItem","position":1,"name":"Etusivu","item":"https:\/\/kauppa.legio.fi\/"},{"@type":"ListItem","position":2,"name":"Tilaus- ja sopimusehdot"}]},{"@type":"WebSite","@id":"https:\/\/kauppa.legio.fi\/#website","url":"https:\/\/kauppa.legio.fi\/","name":"Legio Ostiensis ry","description":"Ainej&auml;rjest&ouml; Legio Ostiensis ry:n kauppa","publisher":{"@id":"https:\/\/kauppa.legio.fi\/#organization"},"potentialAction":[{"@type":"SearchAction","target":{"@type":"EntryPoint","urlTemplate":"https:\/\/kauppa.legio.fi\/?s={search_term_string}"},"query-input":{"@type":"PropertyValueSpecification","valueRequired":true,"valueName":"search_term_string"}}],"inLanguage":"en-GB"},{"@type":"Organization","@id":"https:\/\/kauppa.legio.fi\/#organization","name":"Legio Ostiensis ry","url":"https:\/\/kauppa.legio.fi\/","logo":{"@type":"ImageObject","inLanguage":"en-GB","@id":"https:\/\/kauppa.legio.fi\/#\/schema\/logo\/image\/","url":"https:\/\/kauppa.legio.fi\/wp-content\/uploads\/2022\/06\/Punainen-Ei-taustaa-v2-Vekrori-1.svg","contentUrl":"https:\/\/kauppa.legio.fi\/wp-content\/uploads\/2022\/06\/Punainen-Ei-taustaa-v2-Vekrori-1.svg","width":2855,"height":1988,"caption":"Legio Ostiensis ry"},"image":{"@id":"https:\/\/kauppa.legio.fi\/#\/schema\/logo\/image\/"},"sameAs":["https:\/\/www.facebook.com\/legioostiensis\/","https:\/\/x.com\/legiory","https:\/\/www.instagram.com\/legiory","https:\/\/www.instagram.com\/legiorysport\/","https:\/\/fi.linkedin.com\/company\/legioostiensis","https:\/\/open.spotify.com\/show\/5TDVshWa67PMfAp0hY0F9A","https:\/\/www.tiktok.com\/tag\/legiory"]}]}},"_links":{"self":[{"href":"https:\/\/kauppa.legio.fi\/en\/wp-json\/wp\/v2\/pages\/2790","targetHints":{"allow":["GET"]}}],"collection":[{"href":"https:\/\/kauppa.legio.fi\/en\/wp-json\/wp\/v2\/pages"}],"about":[{"href":"https:\/\/kauppa.legio.fi\/en\/wp-json\/wp\/v2\/types\/page"}],"author":[{"embeddable":true,"href":"https:\/\/kauppa.legio.fi\/en\/wp-json\/wp\/v2\/users\/4"}],"replies":[{"embeddable":true,"href":"https:\/\/kauppa.legio.fi\/en\/wp-json\/wp\/v2\/comments?post=2790"}],"version-history":[{"count":12,"href":"https:\/\/kauppa.legio.fi\/en\/wp-json\/wp\/v2\/pages\/2790\/revisions"}],"predecessor-version":[{"id":2802,"href":"https:\/\/kauppa.legio.fi\/en\/wp-json\/wp\/v2\/pages\/2790\/revisions\/2802"}],"wp:attachment":[{"href":"https:\/\/kauppa.legio.fi\/en\/wp-json\/wp\/v2\/media?parent=2790"}],"curies":[{"name":"wp","href":"https:\/\/api.w.org\/{rel}","templated":true}]}}