{"id":2940,"date":"2024-02-05T15:47:38","date_gmt":"2024-02-05T13:47:38","guid":{"rendered":"https:\/\/kauppa.legio.fi\/?post_type=product&#038;p=2940"},"modified":"2024-02-05T15:55:35","modified_gmt":"2024-02-05T13:55:35","slug":"legio-event-pass","status":"publish","type":"product","link":"https:\/\/kauppa.legio.fi\/en\/product\/legio-event-pass\/","title":{"rendered":"Legio Event pass"},"content":{"rendered":"<div data-elementor-type=\"wp-post\" data-elementor-id=\"2940\" class=\"elementor elementor-2940\">\n\t\t\t\t\t\t<section class=\"elementor-section elementor-top-section elementor-element elementor-element-cda9eb6 elementor-section-boxed elementor-section-height-default elementor-section-height-default\" data-id=\"cda9eb6\" data-element_type=\"section\" data-e-type=\"section\">\n\t\t\t\t\t\t<div class=\"elementor-container elementor-column-gap-default\">\n\t\t\t\t\t<div class=\"elementor-column elementor-col-100 elementor-top-column elementor-element elementor-element-4065128\" data-id=\"4065128\" data-element_type=\"column\" data-e-type=\"column\">\n\t\t\t<div class=\"elementor-widget-wrap elementor-element-populated\">\n\t\t\t\t\t\t<div class=\"elementor-element elementor-element-1e42a2e0 elementor-widget elementor-widget-text-editor\" data-id=\"1e42a2e0\" data-element_type=\"widget\" data-e-type=\"widget\" data-widget_type=\"text-editor.default\">\n\t\t\t\t<div class=\"elementor-widget-container\">\n\t\t\t\t\t\t\t\t\t<p><span data-contrast=\"none\">Ostamalla Legio Event Passin saa oikeuden osallistua Legio Ostiensis ry:n vain j\u00e4senille tarkoitettuihin vapaa-ajan tapahtumiin, ellei tapahtuman yhteydess\u00e4 toisin mainita. Legio Event Pass on voimassa kerrallaan yhden It\u00e4-Suomen yliopiston lukuvuoden ajan 1.8.\u201331.7. riippumatta oikeuden ostoajankohdasta.<\/span><span data-ccp-props=\"{&quot;201341983&quot;:0,&quot;335559739&quot;:420,&quot;335559740&quot;:240}\">&nbsp;<\/span><\/p>\n<p><span data-contrast=\"none\">Legio Event Pass ei poista velvollisuutta suorittaa tapahtumakohtaisia osallistumismaksuja. Legio Event Pass ei merkitse Legio Ostiensis ry:n j\u00e4senyytt\u00e4, eik\u00e4 sit\u00e4 voida katsoa etumaksuksi j\u00e4senyyteen. Legio Event Pass ei anna haltijalleen j\u00e4senelle kuuluvia etuja, oikeuksia tai velvollisuuksia.<\/span><span data-ccp-props=\"{&quot;201341983&quot;:0,&quot;335559739&quot;:420,&quot;335559740&quot;:240}\">&nbsp;<\/span><\/p>\n<p><span data-contrast=\"none\">Legio Event Passin k\u00e4ytt\u00f6 voidaan ev\u00e4t\u00e4 m\u00e4\u00e4r\u00e4ajaksi tai toistaiseksi, jos Legio Event Passin haltija rikkoo Legio Ostiensis ry:n s\u00e4\u00e4nt\u00f6j\u00e4 tai t\u00e4t\u00e4 ohjes\u00e4\u00e4nt\u00f6\u00e4. Legio Event Passin haltijaan sovelletaan Legion Ostiensis ry:n s\u00e4\u00e4ntely\u00e4 soveltuvin osin huolimatta yhdistyksen j\u00e4senyyden puuttumisesta. Legio Event Passin k\u00e4yt\u00f6n ep\u00e4\u00e4minen ei oikeuta maksun palauttamiseen.<\/span><span data-ccp-props=\"{&quot;201341983&quot;:0,&quot;335559739&quot;:420,&quot;335559740&quot;:240}\">&nbsp;<\/span><\/p><p>Legio Event Pass on esitett\u00e4v\u00e4 silloin, kun osallistut tapahtumaan. Kun olet ostanut Event Passin, voit noutaa sen seuraavasta toimistop\u00e4ivystyksest\u00e4 tai olemalla yhteydess\u00e4 hallitus.legio@uef.fi<\/p>\t\t\t\t\t\t\t\t<\/div>\n\t\t\t\t<\/div>\n\t\t\t\t\t<\/div>\n\t\t<\/div>\n\t\t\t\t\t<\/div>\n\t\t<\/section>\n\t\t\t\t<\/div>","protected":false},"excerpt":{"rendered":"<p>Ostamalla Legio Event Passin saa oikeuden osallistua Legio Ostiensis ry:n vain j\u00e4senille tarkoitettuihin vapaa-ajan tapahtumiin, ellei tapahtuman yhteydess\u00e4 toisin mainita. Legio Event Pass on voimassa kerrallaan yhden It\u00e4-Suomen yliopiston lukuvuoden ajan 1.8.\u201331.7. riippumatta oikeuden ostoajankohdasta.&nbsp; Legio Event Pass ei poista velvollisuutta suorittaa tapahtumakohtaisia osallistumismaksuja. Legio Event Pass ei merkitse Legio Ostiensis ry:n j\u00e4senyytt\u00e4, eik\u00e4 sit\u00e4 [&hellip;]<\/p>\n","protected":false},"featured_media":2944,"template":"","meta":{"ocean_post_layout":"","ocean_both_sidebars_style":"","ocean_both_sidebars_content_width":0,"ocean_both_sidebars_sidebars_width":0,"ocean_sidebar":"0","ocean_second_sidebar":"0","ocean_disable_margins":"enable","ocean_add_body_class":"","ocean_shortcode_before_top_bar":"","ocean_shortcode_after_top_bar":"","ocean_shortcode_before_header":"","ocean_shortcode_after_header":"","ocean_has_shortcode":"","ocean_shortcode_after_title":"","ocean_shortcode_before_footer_widgets":"","ocean_shortcode_after_footer_widgets":"","ocean_shortcode_before_footer_bottom":"","ocean_shortcode_after_footer_bottom":"","ocean_display_top_bar":"default","ocean_display_header":"default","ocean_header_style":"","ocean_center_header_left_menu":"0","ocean_custom_header_template":"0","ocean_custom_logo":0,"ocean_custom_retina_logo":0,"ocean_custom_logo_max_width":0,"ocean_custom_logo_tablet_max_width":0,"ocean_custom_logo_mobile_max_width":0,"ocean_custom_logo_max_height":0,"ocean_custom_logo_tablet_max_height":0,"ocean_custom_logo_mobile_max_height":0,"ocean_header_custom_menu":"0","ocean_menu_typo_font_family":"0","ocean_menu_typo_font_subset":"","ocean_menu_typo_font_size":0,"ocean_menu_typo_font_size_tablet":0,"ocean_menu_typo_font_size_mobile":0,"ocean_menu_typo_font_size_unit":"px","ocean_menu_typo_font_weight":"","ocean_menu_typo_font_weight_tablet":"","ocean_menu_typo_font_weight_mobile":"","ocean_menu_typo_transform":"","ocean_menu_typo_transform_tablet":"","ocean_menu_typo_transform_mobile":"","ocean_menu_typo_line_height":0,"ocean_menu_typo_line_height_tablet":0,"ocean_menu_typo_line_height_mobile":0,"ocean_menu_typo_line_height_unit":"","ocean_menu_typo_spacing":0,"ocean_menu_typo_spacing_tablet":0,"ocean_menu_typo_spacing_mobile":0,"ocean_menu_typo_spacing_unit":"","ocean_menu_link_color":"","ocean_menu_link_color_hover":"","ocean_menu_link_color_active":"","ocean_menu_link_background":"","ocean_menu_link_hover_background":"","ocean_menu_link_active_background":"","ocean_menu_social_links_bg":"","ocean_menu_social_hover_links_bg":"","ocean_menu_social_links_color":"","ocean_menu_social_hover_links_color":"","ocean_disable_title":"default","ocean_disable_heading":"default","ocean_post_title":"","ocean_post_subheading":"","ocean_post_title_style":"","ocean_post_title_background_color":"","ocean_post_title_background":0,"ocean_post_title_bg_image_position":"","ocean_post_title_bg_image_attachment":"","ocean_post_title_bg_image_repeat":"","ocean_post_title_bg_image_size":"","ocean_post_title_height":0,"ocean_post_title_bg_overlay":0.5,"ocean_post_title_bg_overlay_color":"","ocean_disable_breadcrumbs":"default","ocean_breadcrumbs_color":"","ocean_breadcrumbs_separator_color":"","ocean_breadcrumbs_links_color":"","ocean_breadcrumbs_links_hover_color":"","ocean_display_footer_widgets":"default","ocean_display_footer_bottom":"default","ocean_custom_footer_template":"0"},"product_cat":[92],"product_tag":[],"class_list":{"0":"post-2940","1":"product","2":"type-product","3":"status-publish","4":"has-post-thumbnail","6":"product_cat-muut-legiotuotteet","8":"entry","9":"has-media","11":"first","12":"instock","13":"taxable","14":"shipping-taxable","15":"purchasable","16":"product-type-simple","17":"col","18":"span_1_of_3","19":"owp-content-center","20":"owp-thumbs-layout-horizontal","21":"owp-btn-normal","22":"owp-tabs-layout-horizontal","23":"has-no-thumbnails"},"yoast_head":"<!-- This site is optimized with the Yoast SEO plugin v23.5 - https:\/\/yoast.com\/wordpress\/plugins\/seo\/ -->\n<title>Legio Event pass - Legio Ostiensis ry<\/title>\n<meta name=\"description\" content=\"Ostamalla Legio Event Pass:n saa oikeuden osallistua Legio Ostiensis ry:n vain j\u00e4senille tarkoitettuihin vapaa-ajan tapahtumiin, ellei tapahtuman yhteydess\u00e4 toisin mainita. Legio Event Pass on voimassa kerrallaan yhden It\u00e4-Suomen yliopiston lukuvuoden ajan 1.8.\u201331.7. riippumatta oikeuden ostoajankohdasta.\u00a0\" \/>\n<meta name=\"robots\" content=\"index, follow, max-snippet:-1, max-image-preview:large, max-video-preview:-1\" \/>\n<link rel=\"canonical\" href=\"https:\/\/kauppa.legio.fi\/en\/product\/legio-event-pass\/\" \/>\n<meta property=\"og:locale\" content=\"en_GB\" \/>\n<meta property=\"og:type\" content=\"article\" \/>\n<meta property=\"og:title\" content=\"Legio Event pass - Legio Ostiensis ry\" \/>\n<meta property=\"og:description\" content=\"Ostamalla Legio Event Pass:n saa oikeuden osallistua Legio Ostiensis ry:n vain j\u00e4senille tarkoitettuihin vapaa-ajan tapahtumiin, ellei tapahtuman yhteydess\u00e4 toisin mainita. Legio Event Pass on voimassa kerrallaan yhden It\u00e4-Suomen yliopiston lukuvuoden ajan 1.8.\u201331.7. riippumatta oikeuden ostoajankohdasta.\u00a0\" \/>\n<meta property=\"og:url\" content=\"https:\/\/kauppa.legio.fi\/en\/product\/legio-event-pass\/\" \/>\n<meta property=\"og:site_name\" content=\"Legio Ostiensis ry\" \/>\n<meta property=\"article:publisher\" content=\"https:\/\/www.facebook.com\/legioostiensis\/\" \/>\n<meta property=\"article:modified_time\" content=\"2024-02-05T13:55:35+00:00\" \/>\n<meta property=\"og:image\" content=\"https:\/\/kauppa.legio.fi\/wp-content\/uploads\/2024\/02\/WhatsApp-Kuva-2024-02-05-klo-11.11.14_8dec423f.jpg\" \/>\n\t<meta property=\"og:image:width\" content=\"1050\" \/>\n\t<meta property=\"og:image:height\" content=\"600\" \/>\n\t<meta property=\"og:image:type\" content=\"image\/jpeg\" \/>\n<meta name=\"twitter:card\" content=\"summary_large_image\" \/>\n<meta name=\"twitter:site\" content=\"@legiory\" \/>\n<meta name=\"twitter:label1\" content=\"Estimated reading time\" \/>\n\t<meta name=\"twitter:data1\" content=\"1 minute\" \/>\n<script type=\"application\/ld+json\" class=\"yoast-schema-graph\">{\"@context\":\"https:\/\/schema.org\",\"@graph\":[{\"@type\":\"WebPage\",\"@id\":\"https:\/\/kauppa.legio.fi\/tuote\/legio-event-pass\/\",\"url\":\"https:\/\/kauppa.legio.fi\/tuote\/legio-event-pass\/\",\"name\":\"Legio Event pass - Legio Ostiensis ry\",\"isPartOf\":{\"@id\":\"https:\/\/kauppa.legio.fi\/#website\"},\"primaryImageOfPage\":{\"@id\":\"https:\/\/kauppa.legio.fi\/tuote\/legio-event-pass\/#primaryimage\"},\"image\":{\"@id\":\"https:\/\/kauppa.legio.fi\/tuote\/legio-event-pass\/#primaryimage\"},\"thumbnailUrl\":\"https:\/\/kauppa.legio.fi\/wp-content\/uploads\/2024\/02\/WhatsApp-Kuva-2024-02-05-klo-11.11.14_8dec423f.jpg\",\"datePublished\":\"2024-02-05T13:47:38+00:00\",\"dateModified\":\"2024-02-05T13:55:35+00:00\",\"description\":\"Ostamalla Legio Event Pass:n saa oikeuden osallistua Legio Ostiensis ry:n vain j\u00e4senille tarkoitettuihin vapaa-ajan tapahtumiin, ellei tapahtuman yhteydess\u00e4 toisin mainita. Legio Event Pass on voimassa kerrallaan yhden It\u00e4-Suomen yliopiston lukuvuoden ajan 1.8.\u201331.7. riippumatta oikeuden ostoajankohdasta.\u00a0\",\"breadcrumb\":{\"@id\":\"https:\/\/kauppa.legio.fi\/tuote\/legio-event-pass\/#breadcrumb\"},\"inLanguage\":\"en-GB\",\"potentialAction\":[{\"@type\":\"ReadAction\",\"target\":[\"https:\/\/kauppa.legio.fi\/tuote\/legio-event-pass\/\"]}]},{\"@type\":\"ImageObject\",\"inLanguage\":\"en-GB\",\"@id\":\"https:\/\/kauppa.legio.fi\/tuote\/legio-event-pass\/#primaryimage\",\"url\":\"https:\/\/kauppa.legio.fi\/wp-content\/uploads\/2024\/02\/WhatsApp-Kuva-2024-02-05-klo-11.11.14_8dec423f.jpg\",\"contentUrl\":\"https:\/\/kauppa.legio.fi\/wp-content\/uploads\/2024\/02\/WhatsApp-Kuva-2024-02-05-klo-11.11.14_8dec423f.jpg\",\"width\":1050,\"height\":600},{\"@type\":\"BreadcrumbList\",\"@id\":\"https:\/\/kauppa.legio.fi\/tuote\/legio-event-pass\/#breadcrumb\",\"itemListElement\":[{\"@type\":\"ListItem\",\"position\":1,\"name\":\"Etusivu\",\"item\":\"https:\/\/kauppa.legio.fi\/\"},{\"@type\":\"ListItem\",\"position\":2,\"name\":\"Kauppa\",\"item\":\"https:\/\/kauppa.legio.fi\/\"},{\"@type\":\"ListItem\",\"position\":3,\"name\":\"Legio Event pass\"}]},{\"@type\":\"WebSite\",\"@id\":\"https:\/\/kauppa.legio.fi\/#website\",\"url\":\"https:\/\/kauppa.legio.fi\/\",\"name\":\"Legio Ostiensis ry\",\"description\":\"Ainej&auml;rjest&ouml; Legio Ostiensis ry:n kauppa\",\"publisher\":{\"@id\":\"https:\/\/kauppa.legio.fi\/#organization\"},\"potentialAction\":[{\"@type\":\"SearchAction\",\"target\":{\"@type\":\"EntryPoint\",\"urlTemplate\":\"https:\/\/kauppa.legio.fi\/?s={search_term_string}\"},\"query-input\":{\"@type\":\"PropertyValueSpecification\",\"valueRequired\":true,\"valueName\":\"search_term_string\"}}],\"inLanguage\":\"en-GB\"},{\"@type\":\"Organization\",\"@id\":\"https:\/\/kauppa.legio.fi\/#organization\",\"name\":\"Legio Ostiensis ry\",\"url\":\"https:\/\/kauppa.legio.fi\/\",\"logo\":{\"@type\":\"ImageObject\",\"inLanguage\":\"en-GB\",\"@id\":\"https:\/\/kauppa.legio.fi\/#\/schema\/logo\/image\/\",\"url\":\"https:\/\/kauppa.legio.fi\/wp-content\/uploads\/2022\/06\/Punainen-Ei-taustaa-v2-Vekrori-1.svg\",\"contentUrl\":\"https:\/\/kauppa.legio.fi\/wp-content\/uploads\/2022\/06\/Punainen-Ei-taustaa-v2-Vekrori-1.svg\",\"width\":2855,\"height\":1988,\"caption\":\"Legio Ostiensis ry\"},\"image\":{\"@id\":\"https:\/\/kauppa.legio.fi\/#\/schema\/logo\/image\/\"},\"sameAs\":[\"https:\/\/www.facebook.com\/legioostiensis\/\",\"https:\/\/x.com\/legiory\",\"https:\/\/www.instagram.com\/legiory\",\"https:\/\/www.instagram.com\/legiorysport\/\",\"https:\/\/fi.linkedin.com\/company\/legioostiensis\",\"https:\/\/open.spotify.com\/show\/5TDVshWa67PMfAp0hY0F9A\",\"https:\/\/www.tiktok.com\/tag\/legiory\"]}]}<\/script>\n<!-- \/ Yoast SEO plugin. -->","yoast_head_json":{"title":"Legio Event pass - Legio Ostiensis ry","description":"Ostamalla Legio Event Pass:n saa oikeuden osallistua Legio Ostiensis ry:n vain j\u00e4senille tarkoitettuihin vapaa-ajan tapahtumiin, ellei tapahtuman yhteydess\u00e4 toisin mainita. Legio Event Pass on voimassa kerrallaan yhden It\u00e4-Suomen yliopiston lukuvuoden ajan 1.8.\u201331.7. riippumatta oikeuden ostoajankohdasta.\u00a0","robots":{"index":"index","follow":"follow","max-snippet":"max-snippet:-1","max-image-preview":"max-image-preview:large","max-video-preview":"max-video-preview:-1"},"canonical":"https:\/\/kauppa.legio.fi\/en\/product\/legio-event-pass\/","og_locale":"en_GB","og_type":"article","og_title":"Legio Event pass - Legio Ostiensis ry","og_description":"Ostamalla Legio Event Pass:n saa oikeuden osallistua Legio Ostiensis ry:n vain j\u00e4senille tarkoitettuihin vapaa-ajan tapahtumiin, ellei tapahtuman yhteydess\u00e4 toisin mainita. Legio Event Pass on voimassa kerrallaan yhden It\u00e4-Suomen yliopiston lukuvuoden ajan 1.8.\u201331.7. riippumatta oikeuden ostoajankohdasta.\u00a0","og_url":"https:\/\/kauppa.legio.fi\/en\/product\/legio-event-pass\/","og_site_name":"Legio Ostiensis ry","article_publisher":"https:\/\/www.facebook.com\/legioostiensis\/","article_modified_time":"2024-02-05T13:55:35+00:00","og_image":[{"width":1050,"height":600,"url":"https:\/\/kauppa.legio.fi\/wp-content\/uploads\/2024\/02\/WhatsApp-Kuva-2024-02-05-klo-11.11.14_8dec423f.jpg","type":"image\/jpeg"}],"twitter_card":"summary_large_image","twitter_site":"@legiory","twitter_misc":{"Estimated reading time":"1 minute"},"schema":{"@context":"https:\/\/schema.org","@graph":[{"@type":"WebPage","@id":"https:\/\/kauppa.legio.fi\/tuote\/legio-event-pass\/","url":"https:\/\/kauppa.legio.fi\/tuote\/legio-event-pass\/","name":"Legio Event pass - Legio Ostiensis ry","isPartOf":{"@id":"https:\/\/kauppa.legio.fi\/#website"},"primaryImageOfPage":{"@id":"https:\/\/kauppa.legio.fi\/tuote\/legio-event-pass\/#primaryimage"},"image":{"@id":"https:\/\/kauppa.legio.fi\/tuote\/legio-event-pass\/#primaryimage"},"thumbnailUrl":"https:\/\/kauppa.legio.fi\/wp-content\/uploads\/2024\/02\/WhatsApp-Kuva-2024-02-05-klo-11.11.14_8dec423f.jpg","datePublished":"2024-02-05T13:47:38+00:00","dateModified":"2024-02-05T13:55:35+00:00","description":"Ostamalla Legio Event Pass:n saa oikeuden osallistua Legio Ostiensis ry:n vain j\u00e4senille tarkoitettuihin vapaa-ajan tapahtumiin, ellei tapahtuman yhteydess\u00e4 toisin mainita. Legio Event Pass on voimassa kerrallaan yhden It\u00e4-Suomen yliopiston lukuvuoden ajan 1.8.\u201331.7. riippumatta oikeuden ostoajankohdasta.\u00a0","breadcrumb":{"@id":"https:\/\/kauppa.legio.fi\/tuote\/legio-event-pass\/#breadcrumb"},"inLanguage":"en-GB","potentialAction":[{"@type":"ReadAction","target":["https:\/\/kauppa.legio.fi\/tuote\/legio-event-pass\/"]}]},{"@type":"ImageObject","inLanguage":"en-GB","@id":"https:\/\/kauppa.legio.fi\/tuote\/legio-event-pass\/#primaryimage","url":"https:\/\/kauppa.legio.fi\/wp-content\/uploads\/2024\/02\/WhatsApp-Kuva-2024-02-05-klo-11.11.14_8dec423f.jpg","contentUrl":"https:\/\/kauppa.legio.fi\/wp-content\/uploads\/2024\/02\/WhatsApp-Kuva-2024-02-05-klo-11.11.14_8dec423f.jpg","width":1050,"height":600},{"@type":"BreadcrumbList","@id":"https:\/\/kauppa.legio.fi\/tuote\/legio-event-pass\/#breadcrumb","itemListElement":[{"@type":"ListItem","position":1,"name":"Etusivu","item":"https:\/\/kauppa.legio.fi\/"},{"@type":"ListItem","position":2,"name":"Kauppa","item":"https:\/\/kauppa.legio.fi\/"},{"@type":"ListItem","position":3,"name":"Legio Event pass"}]},{"@type":"WebSite","@id":"https:\/\/kauppa.legio.fi\/#website","url":"https:\/\/kauppa.legio.fi\/","name":"Legio Ostiensis ry","description":"Ainej&auml;rjest&ouml; Legio Ostiensis ry:n kauppa","publisher":{"@id":"https:\/\/kauppa.legio.fi\/#organization"},"potentialAction":[{"@type":"SearchAction","target":{"@type":"EntryPoint","urlTemplate":"https:\/\/kauppa.legio.fi\/?s={search_term_string}"},"query-input":{"@type":"PropertyValueSpecification","valueRequired":true,"valueName":"search_term_string"}}],"inLanguage":"en-GB"},{"@type":"Organization","@id":"https:\/\/kauppa.legio.fi\/#organization","name":"Legio Ostiensis ry","url":"https:\/\/kauppa.legio.fi\/","logo":{"@type":"ImageObject","inLanguage":"en-GB","@id":"https:\/\/kauppa.legio.fi\/#\/schema\/logo\/image\/","url":"https:\/\/kauppa.legio.fi\/wp-content\/uploads\/2022\/06\/Punainen-Ei-taustaa-v2-Vekrori-1.svg","contentUrl":"https:\/\/kauppa.legio.fi\/wp-content\/uploads\/2022\/06\/Punainen-Ei-taustaa-v2-Vekrori-1.svg","width":2855,"height":1988,"caption":"Legio Ostiensis ry"},"image":{"@id":"https:\/\/kauppa.legio.fi\/#\/schema\/logo\/image\/"},"sameAs":["https:\/\/www.facebook.com\/legioostiensis\/","https:\/\/x.com\/legiory","https:\/\/www.instagram.com\/legiory","https:\/\/www.instagram.com\/legiorysport\/","https:\/\/fi.linkedin.com\/company\/legioostiensis","https:\/\/open.spotify.com\/show\/5TDVshWa67PMfAp0hY0F9A","https:\/\/www.tiktok.com\/tag\/legiory"]}]}},"_links":{"self":[{"href":"https:\/\/kauppa.legio.fi\/en\/wp-json\/wp\/v2\/product\/2940","targetHints":{"allow":["GET"]}}],"collection":[{"href":"https:\/\/kauppa.legio.fi\/en\/wp-json\/wp\/v2\/product"}],"about":[{"href":"https:\/\/kauppa.legio.fi\/en\/wp-json\/wp\/v2\/types\/product"}],"version-history":[{"count":6,"href":"https:\/\/kauppa.legio.fi\/en\/wp-json\/wp\/v2\/product\/2940\/revisions"}],"predecessor-version":[{"id":2950,"href":"https:\/\/kauppa.legio.fi\/en\/wp-json\/wp\/v2\/product\/2940\/revisions\/2950"}],"wp:featuredmedia":[{"embeddable":true,"href":"https:\/\/kauppa.legio.fi\/en\/wp-json\/wp\/v2\/media\/2944"}],"wp:attachment":[{"href":"https:\/\/kauppa.legio.fi\/en\/wp-json\/wp\/v2\/media?parent=2940"}],"wp:term":[{"taxonomy":"product_cat","embeddable":true,"href":"https:\/\/kauppa.legio.fi\/en\/wp-json\/wp\/v2\/product_cat?post=2940"},{"taxonomy":"product_tag","embeddable":true,"href":"https:\/\/kauppa.legio.fi\/en\/wp-json\/wp\/v2\/product_tag?post=2940"}],"curies":[{"name":"wp","href":"https:\/\/api.w.org\/{rel}","templated":true}]}}